{"id":135,"date":"2015-10-22T15:31:25","date_gmt":"2015-10-22T13:31:25","guid":{"rendered":"http:\/\/test.kriesi.at\/construction\/?page_id=135"},"modified":"2023-10-10T01:33:13","modified_gmt":"2023-10-09T23:33:13","slug":"especificacion-de-materiales","status":"publish","type":"page","link":"https:\/\/sireac.com\/index.php\/servicios\/especificacion-de-materiales\/","title":{"rendered":"Especificaci\u00f3n de Materiales"},"content":{"rendered":"<div  class='avia-slideshow av-41fhq7-ef60b83a614dc198e6249909ba985c2e avia-slideshow-featured_large av_slideshow avia-fade-slider  avia-builder-el-0  el_before_av_one_full  avia-builder-el-first  av-slideshow-ui av-control-hidden av-no-slider-navigation av-hide-nav-arrows av-slideshow-autoplay av-loop-endless av-loop-manual-endless av-default-height-applied avia-slideshow-1' data-slideshow-options=\"{&quot;animation&quot;:&quot;fade&quot;,&quot;autoplay&quot;:true,&quot;loop_autoplay&quot;:&quot;endless&quot;,&quot;interval&quot;:5,&quot;loop_manual&quot;:&quot;manual-endless&quot;,&quot;autoplay_stopper&quot;:false,&quot;noNavigation&quot;:true,&quot;bg_slider&quot;:false,&quot;keep_padding&quot;:false,&quot;hoverpause&quot;:false,&quot;show_slide_delay&quot;:0}\"  itemprop=\"image\" itemscope=\"itemscope\" itemtype=\"https:\/\/schema.org\/ImageObject\" ><ul class='avia-slideshow-inner ' style='padding-bottom: 42%;'><li  class='avia-slideshow-slide av-41fhq7-ef60b83a614dc198e6249909ba985c2e__0  slide-1 slide-odd'><div data-rel='slideshow-1' class='avia-slide-wrap '   ><img fetchpriority=\"high\" fetchpriority=\"high\" decoding=\"async\" fetchpriority=\"high\" class=\"wp-image-1058 avia-img-lazy-loading-not-1058\"  src=\"https:\/\/sireac.com\/wp-content\/uploads\/2023\/10\/especificacion-de-materiales-min-1500x630.webp\" width=\"1500\" height=\"630\" title='especificacion-de-materiales-min' alt=''  itemprop=\"thumbnailUrl\"   \/><\/div><\/li><li  class='avia-slideshow-slide av-41fhq7-ef60b83a614dc198e6249909ba985c2e__1  slide-2 slide-even'><div data-rel='slideshow-1' class='avia-slide-wrap '   ><img fetchpriority=\"high\" fetchpriority=\"high\" decoding=\"async\" fetchpriority=\"high\" class=\"wp-image-81 avia-img-lazy-loading-not-81\"  src=\"https:\/\/sireac.com\/wp-content\/uploads\/2015\/10\/cropped-hand-of-a-carpenter-1500x630.jpg\" width=\"1500\" height=\"630\" title='Cropped hand of a carpenter' alt=''  itemprop=\"thumbnailUrl\"   \/><\/div><\/li><li  class='avia-slideshow-slide av-41fhq7-ef60b83a614dc198e6249909ba985c2e__2  slide-3 slide-odd'><div data-rel='slideshow-1' class='avia-slide-wrap '   ><img fetchpriority=\"high\" fetchpriority=\"high\" decoding=\"async\" fetchpriority=\"high\" class=\"wp-image-100 avia-img-lazy-loading-not-100\"  src=\"https:\/\/sireac.com\/wp-content\/uploads\/2015\/10\/house-interior-1500x630.jpg\" width=\"1500\" height=\"630\" title='House interior' alt=''  itemprop=\"thumbnailUrl\"   \/><\/div><\/li><\/ul><div class='avia-slideshow-arrows avia-slideshow-controls' ><a href='#prev' class='prev-slide ' aria-hidden='true' data-av_icon='\ue87c' data-av_iconfont='entypo-fontello'  tabindex='-1'>Anterior<\/a><a href='#next' class='next-slide ' aria-hidden='true' data-av_icon='\ue87d' data-av_iconfont='entypo-fontello'  tabindex='-1'>Posterior<\/a><\/div><\/div>\n\n<style type=\"text\/css\" data-created_by=\"avia_inline_auto\" id=\"style-css-av-3df2wf-3fe0c48e9e7dd178a3672825bf0560bb\">\n#top .flex_column.av-3df2wf-3fe0c48e9e7dd178a3672825bf0560bb{\nmargin-top:0px;\nmargin-bottom:0px;\n}\n.flex_column.av-3df2wf-3fe0c48e9e7dd178a3672825bf0560bb{\nborder-radius:0px 0px 0px 0px;\npadding:0px 0px 0px 0px;\n}\n.responsive #top #wrap_all .flex_column.av-3df2wf-3fe0c48e9e7dd178a3672825bf0560bb{\nmargin-top:0px;\nmargin-bottom:0px;\n}\n<\/style>\n<div  class='flex_column av-3df2wf-3fe0c48e9e7dd178a3672825bf0560bb av_one_full  avia-builder-el-1  el_after_av_slideshow  el_before_av_one_half  first flex_column_div av-animated-generic bottom-to-top av-zero-column-padding  '     ><p>\n<style type=\"text\/css\" data-created_by=\"avia_inline_auto\" id=\"style-css-av-blz67-f05d1aee72c9884ce50d23be09e12b37\">\n#top .av-special-heading.av-blz67-f05d1aee72c9884ce50d23be09e12b37{\npadding-bottom:0;\n}\nbody .av-special-heading.av-blz67-f05d1aee72c9884ce50d23be09e12b37 .av-special-heading-tag .heading-char{\nfont-size:25px;\n}\n.av-special-heading.av-blz67-f05d1aee72c9884ce50d23be09e12b37 .av-subheading{\nfont-size:15px;\n}\n<\/style>\n<div  class='av-special-heading av-blz67-f05d1aee72c9884ce50d23be09e12b37 av-special-heading-h2 blockquote modern-quote  avia-builder-el-2  el_before_av_hr  avia-builder-el-first '><h2 class='av-special-heading-tag'  itemprop=\"headline\"  >Especificaci\u00f3n de Materiales<\/h2><div class=\"special-heading-border\"><div class=\"special-heading-inner-border\"><\/div><\/div><\/div><br \/>\n\n<style type=\"text\/css\" data-created_by=\"avia_inline_auto\" id=\"style-css-av-326svz-5efe60feafb15314c06f989f4b363ce6\">\n#top .hr.av-326svz-5efe60feafb15314c06f989f4b363ce6{\nmargin-top:10px;\nmargin-bottom:10px;\n}\n.hr.av-326svz-5efe60feafb15314c06f989f4b363ce6 .hr-inner{\nwidth:50px;\nborder-color:#efbb20;\n}\n<\/style>\n<div  class='hr av-326svz-5efe60feafb15314c06f989f4b363ce6 hr-custom  avia-builder-el-3  el_after_av_heading  avia-builder-el-last  hr-left hr-icon-no'><span class='hr-inner inner-border-av-border-fat'><span class=\"hr-inner-style\"><\/span><\/span><\/div><\/p><\/div>\n\n<style type=\"text\/css\" data-created_by=\"avia_inline_auto\" id=\"style-css-av-2ve15r-8115debb72160fd6a8a84070b91dde5b\">\n#top .flex_column.av-2ve15r-8115debb72160fd6a8a84070b91dde5b{\nmargin-top:0px;\nmargin-bottom:0px;\n}\n.flex_column.av-2ve15r-8115debb72160fd6a8a84070b91dde5b{\nborder-radius:0px 0px 0px 0px;\npadding:0px 0px 0px 0px;\n}\n.responsive #top #wrap_all .flex_column.av-2ve15r-8115debb72160fd6a8a84070b91dde5b{\nmargin-top:0px;\nmargin-bottom:0px;\n}\n<\/style>\n<div  class='flex_column av-2ve15r-8115debb72160fd6a8a84070b91dde5b av_one_half  avia-builder-el-4  el_after_av_one_full  el_before_av_one_half  first flex_column_div av-animated-generic bottom-to-top av-zero-column-padding  column-top-margin'     ><section  class='av_textblock_section av-2rdyfj-066034d51fec56fcc558f8b079d03cbf '   itemscope=\"itemscope\" itemtype=\"https:\/\/schema.org\/CreativeWork\" ><div class='avia_textblock'  itemprop=\"text\" ><p>No nos identificamos s\u00f3lo como distribuidores de materiales y marcas, nos interesa conocer m\u00e1s de las necesidades de nuestros clientes para brindarles la mejor recomendaci\u00f3n en productos que optimicen sus recursos.<\/p>\n<\/div><\/section><\/div>\n\n<style type=\"text\/css\" data-created_by=\"avia_inline_auto\" id=\"style-css-av-2lz287-39903424cbd4016cfa91f70566a1c9c6\">\n#top .flex_column.av-2lz287-39903424cbd4016cfa91f70566a1c9c6{\nmargin-top:0px;\nmargin-bottom:0px;\n}\n.flex_column.av-2lz287-39903424cbd4016cfa91f70566a1c9c6{\nborder-radius:0px 0px 0px 0px;\npadding:0px 0px 0px 0px;\n}\n.responsive #top #wrap_all .flex_column.av-2lz287-39903424cbd4016cfa91f70566a1c9c6{\nmargin-top:0px;\nmargin-bottom:0px;\n}\n<\/style>\n<div  class='flex_column av-2lz287-39903424cbd4016cfa91f70566a1c9c6 av_one_half  avia-builder-el-6  el_after_av_one_half  el_before_av_one_half  flex_column_div av-animated-generic bottom-to-top av-zero-column-padding  column-top-margin'     ><section  class='av_textblock_section av-2dkw53-d98bc626f69ac570b0c8e058b6cf13ab '   itemscope=\"itemscope\" itemtype=\"https:\/\/schema.org\/CreativeWork\" ><div class='avia_textblock'  itemprop=\"text\" ><p>La amplitud del mercado y la variedad de productos innovadores y emergentes, no nos permite cerrarnos a trabajar bajo metas de ventas con exclusividad de marcas, por lo contrario; trabajamos con diversas marcas nacionales e importadoras, no sin antes corroborar la calidad de cada producto que ofertamos.<\/p>\n<\/div><\/section><\/div>\n\n<style type=\"text\/css\" data-created_by=\"avia_inline_auto\" id=\"style-css-av-1dmzw7-33c7be5e5d2f73e827a2ab1dfa24d840\">\n.flex_column.av-1dmzw7-33c7be5e5d2f73e827a2ab1dfa24d840{\nborder-radius:0px 0px 0px 0px;\npadding:0px 0px 0px 0px;\n}\n<\/style>\n<div  class='flex_column av-1dmzw7-33c7be5e5d2f73e827a2ab1dfa24d840 av_one_half  avia-builder-el-8  el_after_av_one_half  el_before_av_one_half  first flex_column_div av-animated-generic bottom-to-top av-zero-column-padding  column-top-margin'     ><p>\n<style type=\"text\/css\" data-created_by=\"avia_inline_auto\" id=\"style-css-av-17cj47-46d68aa2e24750e08d7ab63146c461a6\">\n#top .av-special-heading.av-17cj47-46d68aa2e24750e08d7ab63146c461a6{\npadding-bottom:0;\n}\nbody .av-special-heading.av-17cj47-46d68aa2e24750e08d7ab63146c461a6 .av-special-heading-tag .heading-char{\nfont-size:25px;\n}\n.av-special-heading.av-17cj47-46d68aa2e24750e08d7ab63146c461a6 .av-subheading{\nfont-size:15px;\n}\n<\/style>\n<div  class='av-special-heading av-17cj47-46d68aa2e24750e08d7ab63146c461a6 av-special-heading-h2 blockquote modern-quote  avia-builder-el-9  el_before_av_hr  avia-builder-el-first '><h2 class='av-special-heading-tag'  itemprop=\"headline\"  >Nuestro \u00fanico compromiso es con nuestros clientes.<\/h2><div class=\"special-heading-border\"><div class=\"special-heading-inner-border\"><\/div><\/div><\/div><br \/>\n\n<style type=\"text\/css\" data-created_by=\"avia_inline_auto\" id=\"style-css-av-14h09j-2f48e055fa11d35a2a270c74db76c5cb\">\n#top .hr.av-14h09j-2f48e055fa11d35a2a270c74db76c5cb{\nmargin-top:10px;\nmargin-bottom:10px;\n}\n.hr.av-14h09j-2f48e055fa11d35a2a270c74db76c5cb .hr-inner{\nwidth:50px;\nborder-color:#efbb20;\n}\n<\/style>\n<div  class='hr av-14h09j-2f48e055fa11d35a2a270c74db76c5cb hr-custom  avia-builder-el-10  el_after_av_heading  el_before_av_textblock  hr-left hr-icon-no'><span class='hr-inner inner-border-av-border-fat'><span class=\"hr-inner-style\"><\/span><\/span><\/div><br \/>\n<section  class='av_textblock_section av-uuk1j-29d48eca2003564ff79c0e551d976583 '   itemscope=\"itemscope\" itemtype=\"https:\/\/schema.org\/CreativeWork\" ><div class='avia_textblock'  itemprop=\"text\" ><p>La amplitud del mercado y la variedad de productos innovadores y emergentes, no nos permite cerrarnos a trabajar bajo metas de ventas con exclusividad de marcas, por lo contrario; trabajamos con diversas marcas nacionales e importadoras, no sin antes corroborar la calidad de cada producto que ofertamos.<\/p>\n<\/div><\/section><\/p><\/div>\n\n<style type=\"text\/css\" data-created_by=\"avia_inline_auto\" id=\"style-css-av-qgm33-44b8173b0f46754393cf70f18bd30fd8\">\n.flex_column.av-qgm33-44b8173b0f46754393cf70f18bd30fd8{\nborder-radius:0px 0px 0px 0px;\npadding:0px 0px 0px 0px;\n}\n<\/style>\n<div  class='flex_column av-qgm33-44b8173b0f46754393cf70f18bd30fd8 av_one_half  avia-builder-el-12  el_after_av_one_half  el_before_av_one_full  flex_column_div av-animated-generic bottom-to-top av-zero-column-padding  column-top-margin'     ><style type=\"text\/css\" data-created_by=\"avia_inline_auto\" id=\"style-css-av-iohzb-866cd475bf6ee10a00b7e018ced7c939\">\n.avia-image-container.av-iohzb-866cd475bf6ee10a00b7e018ced7c939 img.avia_image{\nbox-shadow:none;\n}\n.avia-image-container.av-iohzb-866cd475bf6ee10a00b7e018ced7c939 .av-image-caption-overlay-center{\ncolor:#ffffff;\n}\n<\/style>\n<div  class='avia-image-container av-iohzb-866cd475bf6ee10a00b7e018ced7c939 av-styling-no-styling avia-align-center  avia-builder-el-13  avia-builder-el-no-sibling '   itemprop=\"image\" itemscope=\"itemscope\" itemtype=\"https:\/\/schema.org\/ImageObject\" ><div class=\"avia-image-container-inner\"><div class=\"avia-image-overlay-wrap\"><img fetchpriority=\"high\" fetchpriority=\"high\" decoding=\"async\" fetchpriority=\"high\" class='wp-image-1058 avia-img-lazy-loading-not-1058 avia_image ' src=\"https:\/\/sireac.com\/wp-content\/uploads\/2023\/10\/especificacion-de-materiales-min-scaled.webp\" alt='' title='especificacion-de-materiales-min'  height=\"1122\" width=\"2560\"  itemprop=\"thumbnailUrl\" srcset=\"https:\/\/sireac.com\/wp-content\/uploads\/2023\/10\/especificacion-de-materiales-min-scaled.webp 2560w, https:\/\/sireac.com\/wp-content\/uploads\/2023\/10\/especificacion-de-materiales-min-scaled-600x263.webp 600w, https:\/\/sireac.com\/wp-content\/uploads\/2023\/10\/especificacion-de-materiales-min-300x131.webp 300w, https:\/\/sireac.com\/wp-content\/uploads\/2023\/10\/especificacion-de-materiales-min-1030x451.webp 1030w, https:\/\/sireac.com\/wp-content\/uploads\/2023\/10\/especificacion-de-materiales-min-768x337.webp 768w, https:\/\/sireac.com\/wp-content\/uploads\/2023\/10\/especificacion-de-materiales-min-1536x673.webp 1536w, https:\/\/sireac.com\/wp-content\/uploads\/2023\/10\/especificacion-de-materiales-min-2048x898.webp 2048w, https:\/\/sireac.com\/wp-content\/uploads\/2023\/10\/especificacion-de-materiales-min-1500x657.webp 1500w, https:\/\/sireac.com\/wp-content\/uploads\/2023\/10\/especificacion-de-materiales-min-705x309.webp 705w\" sizes=\"(max-width: 2560px) 100vw, 2560px\" \/><\/div><\/div><\/div><\/div>\n\n<style type=\"text\/css\" data-created_by=\"avia_inline_auto\" id=\"style-css-av-dgw4f-586bd71c88984f6ff97998ed9cd65432\">\n.flex_column.av-dgw4f-586bd71c88984f6ff97998ed9cd65432{\nborder-width:1px;\nborder-color:#e1e1e1;\nborder-style:solid;\nborder-radius:0px 0px 0px 0px;\npadding:20px 20px 20px 20px;\nbackground-color:#fcfcfc;\n}\n<\/style>\n<div  class='flex_column av-dgw4f-586bd71c88984f6ff97998ed9cd65432 av_one_full  avia-builder-el-14  el_after_av_one_half  avia-builder-el-last  first flex_column_div av-animated-generic bottom-to-top  column-top-margin'     ><section  class='av_textblock_section av-8czr3-cc3f01b317c66682bea558cf5c5faa75 '   itemscope=\"itemscope\" itemtype=\"https:\/\/schema.org\/CreativeWork\" ><div class='avia_textblock'  itemprop=\"text\" ><p><strong>GARANTIA SIREAC:<\/strong> cada producto vendido por <strong>SIREAC<\/strong> cuenta con garant\u00edas de calidad y funcionamiento, nosotros asumimos el riesgo de lo que vendemos y hacemos cumplir lo establecido por los fabricantes.<\/p>\n<p><strong>Contamos con la infraestructura necesaria para programar entregas inmediatas y la capacidad de planear proyectos con importaciones seguras y en el tiempo programado.<\/strong><\/p>\n<\/div><\/section><\/div>\n","protected":false},"excerpt":{"rendered":"","protected":false},"author":1,"featured_media":0,"parent":25,"menu_order":0,"comment_status":"closed","ping_status":"closed","template":"","meta":{"_eb_attr":"","footnotes":""},"class_list":["post-135","page","type-page","status-publish","hentry"],"_links":{"self":[{"href":"https:\/\/sireac.com\/index.php\/wp-json\/wp\/v2\/pages\/135","targetHints":{"allow":["GET"]}}],"collection":[{"href":"https:\/\/sireac.com\/index.php\/wp-json\/wp\/v2\/pages"}],"about":[{"href":"https:\/\/sireac.com\/index.php\/wp-json\/wp\/v2\/types\/page"}],"author":[{"embeddable":true,"href":"https:\/\/sireac.com\/index.php\/wp-json\/wp\/v2\/users\/1"}],"replies":[{"embeddable":true,"href":"https:\/\/sireac.com\/index.php\/wp-json\/wp\/v2\/comments?post=135"}],"version-history":[{"count":7,"href":"https:\/\/sireac.com\/index.php\/wp-json\/wp\/v2\/pages\/135\/revisions"}],"predecessor-version":[{"id":1079,"href":"https:\/\/sireac.com\/index.php\/wp-json\/wp\/v2\/pages\/135\/revisions\/1079"}],"up":[{"embeddable":true,"href":"https:\/\/sireac.com\/index.php\/wp-json\/wp\/v2\/pages\/25"}],"wp:attachment":[{"href":"https:\/\/sireac.com\/index.php\/wp-json\/wp\/v2\/media?parent=135"}],"curies":[{"name":"wp","href":"https:\/\/api.w.org\/{rel}","templated":true}]}}