{"id":138,"date":"2015-10-22T15:31:54","date_gmt":"2015-10-22T13:31:54","guid":{"rendered":"http:\/\/test.kriesi.at\/construction\/?page_id=138"},"modified":"2023-10-10T03:43:31","modified_gmt":"2023-10-10T01:43:31","slug":"renovacion-de-espacios","status":"publish","type":"page","link":"https:\/\/sireac.com\/index.php\/servicios\/renovacion-de-espacios\/","title":{"rendered":"Renovaci\u00f3n de Espacios"},"content":{"rendered":"<div  class='avia-slideshow av-es042-dd8f0f422d3126636e33ebac60fdfafa avia-slideshow-featured_large av_slideshow avia-fade-slider  avia-builder-el-0  el_before_av_one_full  avia-builder-el-first  av-slideshow-ui av-control-hidden av-no-slider-navigation av-hide-nav-arrows av-slideshow-autoplay av-loop-endless av-loop-manual-endless av-default-height-applied avia-slideshow-1' data-slideshow-options=\"{&quot;animation&quot;:&quot;fade&quot;,&quot;autoplay&quot;:true,&quot;loop_autoplay&quot;:&quot;endless&quot;,&quot;interval&quot;:5,&quot;loop_manual&quot;:&quot;manual-endless&quot;,&quot;autoplay_stopper&quot;:false,&quot;noNavigation&quot;:true,&quot;bg_slider&quot;:false,&quot;keep_padding&quot;:false,&quot;hoverpause&quot;:false,&quot;show_slide_delay&quot;:0}\"  itemprop=\"image\" itemscope=\"itemscope\" itemtype=\"https:\/\/schema.org\/ImageObject\" ><ul class='avia-slideshow-inner ' style='padding-bottom: 42%;'><li  class='avia-slideshow-slide av-es042-dd8f0f422d3126636e33ebac60fdfafa__0  slide-1 slide-odd'><div data-rel='slideshow-1' class='avia-slide-wrap '   ><img fetchpriority=\"high\" fetchpriority=\"high\" decoding=\"async\" fetchpriority=\"high\" class=\"wp-image-81 avia-img-lazy-loading-not-81\"  src=\"https:\/\/sireac.com\/wp-content\/uploads\/2015\/10\/cropped-hand-of-a-carpenter-1500x630.jpg\" width=\"1500\" height=\"630\" title='Cropped hand of a carpenter' alt=''  itemprop=\"thumbnailUrl\"   \/><\/div><\/li><li  class='avia-slideshow-slide av-es042-dd8f0f422d3126636e33ebac60fdfafa__1  slide-2 slide-even'><div data-rel='slideshow-1' class='avia-slide-wrap '   ><img fetchpriority=\"high\" fetchpriority=\"high\" decoding=\"async\" fetchpriority=\"high\" class=\"wp-image-100 avia-img-lazy-loading-not-100\"  src=\"https:\/\/sireac.com\/wp-content\/uploads\/2015\/10\/house-interior-1500x630.jpg\" width=\"1500\" height=\"630\" title='House interior' alt=''  itemprop=\"thumbnailUrl\"   \/><\/div><\/li><li  class='avia-slideshow-slide av-es042-dd8f0f422d3126636e33ebac60fdfafa__2  slide-3 slide-odd'><div data-rel='slideshow-1' class='avia-slide-wrap '   ><img fetchpriority=\"high\" fetchpriority=\"high\" decoding=\"async\" fetchpriority=\"high\" class=\"wp-image-87 avia-img-lazy-loading-not-87\"  src=\"https:\/\/sireac.com\/wp-content\/uploads\/2015\/10\/team-banner2.jpg\" width=\"1500\" height=\"630\" title='team-banner2' alt=''  itemprop=\"thumbnailUrl\" srcset=\"https:\/\/sireac.com\/wp-content\/uploads\/2015\/10\/team-banner2.jpg 1500w, https:\/\/sireac.com\/wp-content\/uploads\/2015\/10\/team-banner2-600x252.jpg 600w, https:\/\/sireac.com\/wp-content\/uploads\/2015\/10\/team-banner2-300x126.jpg 300w, https:\/\/sireac.com\/wp-content\/uploads\/2015\/10\/team-banner2-1030x433.jpg 1030w, https:\/\/sireac.com\/wp-content\/uploads\/2015\/10\/team-banner2-768x323.jpg 768w, https:\/\/sireac.com\/wp-content\/uploads\/2015\/10\/team-banner2-705x296.jpg 705w\" sizes=\"(max-width: 1500px) 100vw, 1500px\" \/><\/div><\/li><\/ul><div class='avia-slideshow-arrows avia-slideshow-controls' ><a href='#prev' class='prev-slide ' aria-hidden='true' data-av_icon='\ue87c' data-av_iconfont='entypo-fontello'  tabindex='-1'>Anterior<\/a><a href='#next' class='next-slide ' aria-hidden='true' data-av_icon='\ue87d' data-av_iconfont='entypo-fontello'  tabindex='-1'>Posterior<\/a><\/div><\/div>\n\n<style type=\"text\/css\" data-created_by=\"avia_inline_auto\" id=\"style-css-av-3dnl8a-ba21b99cd800cdcdb4f66bdaae16a5ce\">\n#top .flex_column.av-3dnl8a-ba21b99cd800cdcdb4f66bdaae16a5ce{\nmargin-top:0px;\nmargin-bottom:0px;\n}\n.flex_column.av-3dnl8a-ba21b99cd800cdcdb4f66bdaae16a5ce{\nborder-radius:0px 0px 0px 0px;\npadding:0px 0px 0px 0px;\n}\n.responsive #top #wrap_all .flex_column.av-3dnl8a-ba21b99cd800cdcdb4f66bdaae16a5ce{\nmargin-top:0px;\nmargin-bottom:0px;\n}\n<\/style>\n<div  class='flex_column av-3dnl8a-ba21b99cd800cdcdb4f66bdaae16a5ce av_one_full  avia-builder-el-1  el_after_av_slideshow  el_before_av_one_half  first flex_column_div av-animated-generic bottom-to-top av-zero-column-padding  '     ><p>\n<style type=\"text\/css\" data-created_by=\"avia_inline_auto\" id=\"style-css-av-39bxu2-768d73f6106b5c507dd52ef6024b34e2\">\n#top .av-special-heading.av-39bxu2-768d73f6106b5c507dd52ef6024b34e2{\npadding-bottom:0;\n}\nbody .av-special-heading.av-39bxu2-768d73f6106b5c507dd52ef6024b34e2 .av-special-heading-tag .heading-char{\nfont-size:25px;\n}\n.av-special-heading.av-39bxu2-768d73f6106b5c507dd52ef6024b34e2 .av-subheading{\nfont-size:15px;\n}\n<\/style>\n<div  class='av-special-heading av-39bxu2-768d73f6106b5c507dd52ef6024b34e2 av-special-heading-h2 blockquote modern-quote  avia-builder-el-2  el_before_av_hr  avia-builder-el-first '><h2 class='av-special-heading-tag'  itemprop=\"headline\"  >Renovaci\u00f3n de Espacios <\/h2><div class=\"special-heading-border\"><div class=\"special-heading-inner-border\"><\/div><\/div><\/div><br \/>\n\n<style type=\"text\/css\" data-created_by=\"avia_inline_auto\" id=\"style-css-av-b0v56-85bfb64aa95227e19d1a9fa990d9076b\">\n#top .hr.av-b0v56-85bfb64aa95227e19d1a9fa990d9076b{\nmargin-top:10px;\nmargin-bottom:10px;\n}\n.hr.av-b0v56-85bfb64aa95227e19d1a9fa990d9076b .hr-inner{\nwidth:50px;\nborder-color:#efbb20;\n}\n<\/style>\n<div  class='hr av-b0v56-85bfb64aa95227e19d1a9fa990d9076b hr-custom  avia-builder-el-3  el_after_av_heading  avia-builder-el-last  hr-left hr-icon-no'><span class='hr-inner inner-border-av-border-fat'><span class=\"hr-inner-style\"><\/span><\/span><\/div><\/p><\/div>\n\n<style type=\"text\/css\" data-created_by=\"avia_inline_auto\" id=\"style-css-av-2z1tre-bfaa1520457a0b655e7da231fbce75f3\">\n#top .flex_column.av-2z1tre-bfaa1520457a0b655e7da231fbce75f3{\nmargin-top:0px;\nmargin-bottom:0px;\n}\n.flex_column.av-2z1tre-bfaa1520457a0b655e7da231fbce75f3{\nborder-radius:0px 0px 0px 0px;\npadding:0px 0px 0px 0px;\n}\n.responsive #top #wrap_all .flex_column.av-2z1tre-bfaa1520457a0b655e7da231fbce75f3{\nmargin-top:0px;\nmargin-bottom:0px;\n}\n<\/style>\n<div  class='flex_column av-2z1tre-bfaa1520457a0b655e7da231fbce75f3 av_one_half  avia-builder-el-4  el_after_av_one_full  el_before_av_one_half  first flex_column_div av-animated-generic bottom-to-top av-zero-column-padding  column-top-margin'     ><section  class='av_textblock_section av-2qjubu-f8683a05126febc10480b01ffe9bb5a0 '   itemscope=\"itemscope\" itemtype=\"https:\/\/schema.org\/CreativeWork\" ><div class='avia_textblock'  itemprop=\"text\" ><p>En SIREAC podemos usar tus espacios y muebles existentes para brindarles funciones completamente nuevas, haciendo lo necesario y adecuado a tu proyecto sin gastar de m\u00e1s.<\/p>\n<p>Contamos con materiales ligeros para su r\u00e1pida y sencilla instalaci\u00f3n, as\u00ed como con las herramientas para dejar un acabado perfecto.<\/p>\n<\/div><\/section><\/div>\n<style type=\"text\/css\" data-created_by=\"avia_inline_auto\" id=\"style-css-av-2lsrdm-e67667e73c869fa7a63b001da1c368e7\">\n#top .flex_column.av-2lsrdm-e67667e73c869fa7a63b001da1c368e7{\nmargin-top:0px;\nmargin-bottom:0px;\n}\n.flex_column.av-2lsrdm-e67667e73c869fa7a63b001da1c368e7{\nborder-radius:0px 0px 0px 0px;\npadding:0px 0px 0px 0px;\n}\n.responsive #top #wrap_all .flex_column.av-2lsrdm-e67667e73c869fa7a63b001da1c368e7{\nmargin-top:0px;\nmargin-bottom:0px;\n}\n<\/style>\n<div  class='flex_column av-2lsrdm-e67667e73c869fa7a63b001da1c368e7 av_one_half  avia-builder-el-6  el_after_av_one_half  el_before_av_one_full  flex_column_div av-animated-generic bottom-to-top av-zero-column-padding  column-top-margin'     ><section  class='av_textblock_section av-2dhmuy-024dd7fadc6101a6c42812c7567b7b8c '   itemscope=\"itemscope\" itemtype=\"https:\/\/schema.org\/CreativeWork\" ><div class='avia_textblock'  itemprop=\"text\" ><p>En SIREAC te apoyamos con un diagn\u00f3stico puntual sobre las condiciones actuales de tu espacio y generamos una propuesta econ\u00f3mica sin compromiso para que t\u00fa decidas cu\u00e1ndo y por d\u00f3nde comenzar a renovar tu patrimonio.<\/p>\n<\/div><\/section><\/div>\n<style type=\"text\/css\" data-created_by=\"avia_inline_auto\" id=\"style-css-av-26s7i2-250974302cb8b495a11b3914e4deafbe\">\n.flex_column.av-26s7i2-250974302cb8b495a11b3914e4deafbe{\nborder-radius:0px 0px 0px 0px;\npadding:0px 0px 0px 0px;\n}\n<\/style>\n<div  class='flex_column av-26s7i2-250974302cb8b495a11b3914e4deafbe av_one_full  avia-builder-el-8  el_after_av_one_half  el_before_av_one_half  first flex_column_div av-animated-generic bottom-to-top av-zero-column-padding  column-top-margin'     ><section  class='av_textblock_section av-lnjnl73i-9db94b09893188a6bd131110c6c14645 '   itemscope=\"itemscope\" itemtype=\"https:\/\/schema.org\/CreativeWork\" ><div class='avia_textblock'  itemprop=\"text\" ><ul>\n<li>Renovaci\u00f3n en pisos de concreto.<\/li>\n<li>Instalaci\u00f3n de paneles y en muros, plafones y fachadas<\/li>\n<li>Demolici\u00f3n y reinstalaci\u00f3n de pisos.<\/li>\n<li>Renivelaci\u00f3n de pisos de concreto.<\/li>\n<li>Instalaci\u00f3n de persianas, cortinas y protecciones de herrer\u00eda para ventanas.<\/li>\n<li>Trabajos en aluminio y cristal.<\/li>\n<li>Limpieza profesional, pulido y encerado de pisos.<\/li>\n<li>Colocaci\u00f3n de alfombra modular y tapetes.<\/li>\n<li>Jardineras, p\u00e9rgolas y piedras naturales.<\/li>\n<li>Caminos y rodamientos de pisos de concreto y microcemento.<\/li>\n<li>Servicios de carpinter\u00eda y herrer\u00eda para mobiliario.<\/li>\n<\/ul>\n<\/div><\/section><\/div>\n<style type=\"text\/css\" data-created_by=\"avia_inline_auto\" id=\"style-css-av-1hiw5u-442ea822da2137f32dd4da031adbe7d4\">\n.flex_column.av-1hiw5u-442ea822da2137f32dd4da031adbe7d4{\nborder-radius:0px 0px 0px 0px;\npadding:0px 0px 0px 0px;\n}\n<\/style>\n<div  class='flex_column av-1hiw5u-442ea822da2137f32dd4da031adbe7d4 av_one_half  avia-builder-el-10  el_after_av_one_full  el_before_av_one_half  first flex_column_div av-animated-generic bottom-to-top av-zero-column-padding  column-top-margin'     ><p>\n<style type=\"text\/css\" data-created_by=\"avia_inline_auto\" id=\"style-css-av-16nr56-f4c236d6a40da8b46120065e5cbd4676\">\n#top .av-special-heading.av-16nr56-f4c236d6a40da8b46120065e5cbd4676{\npadding-bottom:0;\n}\nbody .av-special-heading.av-16nr56-f4c236d6a40da8b46120065e5cbd4676 .av-special-heading-tag .heading-char{\nfont-size:25px;\n}\n.av-special-heading.av-16nr56-f4c236d6a40da8b46120065e5cbd4676 .av-subheading{\nfont-size:15px;\n}\n<\/style>\n<div  class='av-special-heading av-16nr56-f4c236d6a40da8b46120065e5cbd4676 av-special-heading-h2 blockquote modern-quote  avia-builder-el-11  el_before_av_hr  avia-builder-el-first '><h2 class='av-special-heading-tag'  itemprop=\"headline\"  >Tus espacios importan <\/h2><div class=\"special-heading-border\"><div class=\"special-heading-inner-border\"><\/div><\/div><\/div><br \/>\n\n<style type=\"text\/css\" data-created_by=\"avia_inline_auto\" id=\"style-css-av-12gvte-8f5578b900a481678c0d38dffbfd3fdb\">\n#top .hr.av-12gvte-8f5578b900a481678c0d38dffbfd3fdb{\nmargin-top:10px;\nmargin-bottom:10px;\n}\n.hr.av-12gvte-8f5578b900a481678c0d38dffbfd3fdb .hr-inner{\nwidth:50px;\nborder-color:#efbb20;\n}\n<\/style>\n<div  class='hr av-12gvte-8f5578b900a481678c0d38dffbfd3fdb hr-custom  avia-builder-el-12  el_after_av_heading  el_before_av_textblock  hr-left hr-icon-no'><span class='hr-inner inner-border-av-border-fat'><span class=\"hr-inner-style\"><\/span><\/span><\/div><br \/>\n<section  class='av_textblock_section av-xhwwy-4aba3e59c041efa3339462ffed7f3d4c '   itemscope=\"itemscope\" itemtype=\"https:\/\/schema.org\/CreativeWork\" ><div class='avia_textblock'  itemprop=\"text\" ><p>Tus espacios y comodidades con \u00f3ptimos resultados y con un presupuesto a tu necesidad.<\/p>\n<\/div><\/section><\/p><\/div>\n<style type=\"text\/css\" data-created_by=\"avia_inline_auto\" id=\"style-css-av-2t5b6-db3c947bb6e421dad820786c9f4ab930\">\n.flex_column.av-2t5b6-db3c947bb6e421dad820786c9f4ab930{\nborder-radius:0px 0px 0px 0px;\npadding:0px 0px 0px 0px;\n}\n<\/style>\n<div  class='flex_column av-2t5b6-db3c947bb6e421dad820786c9f4ab930 av_one_half  avia-builder-el-14  el_after_av_one_half  avia-builder-el-last  flex_column_div av-animated-generic bottom-to-top av-zero-column-padding  column-top-margin'     ><style type=\"text\/css\" data-created_by=\"avia_inline_auto\" id=\"style-css-av-jkwne-752cad43f2ad6788fe7dfefe53124980\">\n.avia-image-container.av-jkwne-752cad43f2ad6788fe7dfefe53124980 img.avia_image{\nbox-shadow:none;\n}\n.avia-image-container.av-jkwne-752cad43f2ad6788fe7dfefe53124980 .av-image-caption-overlay-center{\ncolor:#ffffff;\n}\n<\/style>\n<div  class='avia-image-container av-jkwne-752cad43f2ad6788fe7dfefe53124980 av-styling-no-styling avia-align-center  avia-builder-el-15  avia-builder-el-no-sibling '   itemprop=\"image\" itemscope=\"itemscope\" itemtype=\"https:\/\/schema.org\/ImageObject\" ><div class=\"avia-image-container-inner\"><div class=\"avia-image-overlay-wrap\"><img fetchpriority=\"high\" fetchpriority=\"high\" decoding=\"async\" fetchpriority=\"high\" class='wp-image-920 avia-img-lazy-loading-not-920 avia_image ' src=\"https:\/\/sireac.com\/wp-content\/uploads\/2023\/09\/lambrin4-1.jpeg\" alt='' title='lambrin4'  height=\"800\" width=\"800\"  itemprop=\"thumbnailUrl\" srcset=\"https:\/\/sireac.com\/wp-content\/uploads\/2023\/09\/lambrin4-1.jpeg 800w, https:\/\/sireac.com\/wp-content\/uploads\/2023\/09\/lambrin4-1-600x600.jpeg 600w, https:\/\/sireac.com\/wp-content\/uploads\/2023\/09\/lambrin4-1-100x100.jpeg 100w, https:\/\/sireac.com\/wp-content\/uploads\/2023\/09\/lambrin4-1-300x300.jpeg 300w, https:\/\/sireac.com\/wp-content\/uploads\/2023\/09\/lambrin4-1-80x80.jpeg 80w, https:\/\/sireac.com\/wp-content\/uploads\/2023\/09\/lambrin4-1-768x768.jpeg 768w, https:\/\/sireac.com\/wp-content\/uploads\/2023\/09\/lambrin4-1-36x36.jpeg 36w, https:\/\/sireac.com\/wp-content\/uploads\/2023\/09\/lambrin4-1-180x180.jpeg 180w, https:\/\/sireac.com\/wp-content\/uploads\/2023\/09\/lambrin4-1-705x705.jpeg 705w\" sizes=\"(max-width: 800px) 100vw, 800px\" \/><\/div><\/div><\/div><\/div><\/p>\n","protected":false},"excerpt":{"rendered":"","protected":false},"author":1,"featured_media":0,"parent":25,"menu_order":0,"comment_status":"closed","ping_status":"closed","template":"","meta":{"_eb_attr":"","footnotes":""},"class_list":["post-138","page","type-page","status-publish","hentry"],"_links":{"self":[{"href":"https:\/\/sireac.com\/index.php\/wp-json\/wp\/v2\/pages\/138","targetHints":{"allow":["GET"]}}],"collection":[{"href":"https:\/\/sireac.com\/index.php\/wp-json\/wp\/v2\/pages"}],"about":[{"href":"https:\/\/sireac.com\/index.php\/wp-json\/wp\/v2\/types\/page"}],"author":[{"embeddable":true,"href":"https:\/\/sireac.com\/index.php\/wp-json\/wp\/v2\/users\/1"}],"replies":[{"embeddable":true,"href":"https:\/\/sireac.com\/index.php\/wp-json\/wp\/v2\/comments?post=138"}],"version-history":[{"count":3,"href":"https:\/\/sireac.com\/index.php\/wp-json\/wp\/v2\/pages\/138\/revisions"}],"predecessor-version":[{"id":1084,"href":"https:\/\/sireac.com\/index.php\/wp-json\/wp\/v2\/pages\/138\/revisions\/1084"}],"up":[{"embeddable":true,"href":"https:\/\/sireac.com\/index.php\/wp-json\/wp\/v2\/pages\/25"}],"wp:attachment":[{"href":"https:\/\/sireac.com\/index.php\/wp-json\/wp\/v2\/media?parent=138"}],"curies":[{"name":"wp","href":"https:\/\/api.w.org\/{rel}","templated":true}]}}