{"id":142,"date":"2015-10-22T15:32:34","date_gmt":"2015-10-22T13:32:34","guid":{"rendered":"http:\/\/test.kriesi.at\/construction\/?page_id=142"},"modified":"2023-10-10T01:25:12","modified_gmt":"2023-10-09T23:25:12","slug":"instalacion-y-mano-de-obra","status":"publish","type":"page","link":"https:\/\/sireac.com\/index.php\/servicios\/instalacion-y-mano-de-obra\/","title":{"rendered":"Instalaci\u00f3n y Mano de Obra"},"content":{"rendered":"<div  class='avia-slideshow av-34ka1y-5ce78305306c7e72e56a3097018ea64a avia-slideshow-featured_large av_slideshow avia-fade-slider  avia-builder-el-0  el_before_av_one_full  avia-builder-el-first  av-slideshow-ui av-control-hidden av-no-slider-navigation av-hide-nav-arrows av-slideshow-autoplay av-loop-endless av-loop-manual-endless av-default-height-applied avia-slideshow-1' data-slideshow-options=\"{&quot;animation&quot;:&quot;fade&quot;,&quot;autoplay&quot;:true,&quot;loop_autoplay&quot;:&quot;endless&quot;,&quot;interval&quot;:5,&quot;loop_manual&quot;:&quot;manual-endless&quot;,&quot;autoplay_stopper&quot;:false,&quot;noNavigation&quot;:true,&quot;bg_slider&quot;:false,&quot;keep_padding&quot;:false,&quot;hoverpause&quot;:false,&quot;show_slide_delay&quot;:0}\"  itemprop=\"image\" itemscope=\"itemscope\" itemtype=\"https:\/\/schema.org\/ImageObject\" ><ul class='avia-slideshow-inner ' style='padding-bottom: 42%;'><li  class='avia-slideshow-slide av-34ka1y-5ce78305306c7e72e56a3097018ea64a__0  slide-1 slide-odd'><div data-rel='slideshow-1' class='avia-slide-wrap '   ><img fetchpriority=\"high\" fetchpriority=\"high\" decoding=\"async\" fetchpriority=\"high\" class=\"wp-image-82 avia-img-lazy-loading-not-82\"  src=\"https:\/\/sireac.com\/wp-content\/uploads\/2015\/10\/modern-home-1500x630.jpg\" width=\"1500\" height=\"630\" title='Modern home' alt=''  itemprop=\"thumbnailUrl\"   \/><\/div><\/li><li  class='avia-slideshow-slide av-34ka1y-5ce78305306c7e72e56a3097018ea64a__1  slide-2 slide-even'><div data-rel='slideshow-1' class='avia-slide-wrap '   ><img fetchpriority=\"high\" fetchpriority=\"high\" decoding=\"async\" fetchpriority=\"high\" class=\"wp-image-100 avia-img-lazy-loading-not-100\"  src=\"https:\/\/sireac.com\/wp-content\/uploads\/2015\/10\/house-interior-1500x630.jpg\" width=\"1500\" height=\"630\" title='House interior' alt=''  itemprop=\"thumbnailUrl\"   \/><\/div><\/li><\/ul><div class='avia-slideshow-arrows avia-slideshow-controls' ><a href='#prev' class='prev-slide ' aria-hidden='true' data-av_icon='\ue87c' data-av_iconfont='entypo-fontello'  tabindex='-1'>Anterior<\/a><a href='#next' class='next-slide ' aria-hidden='true' data-av_icon='\ue87d' data-av_iconfont='entypo-fontello'  tabindex='-1'>Posterior<\/a><\/div><\/div>\n\n<style type=\"text\/css\" data-created_by=\"avia_inline_auto\" id=\"style-css-av-2i8e8m-e26770a04390b6dcb9533b9892ac168f\">\n#top .flex_column.av-2i8e8m-e26770a04390b6dcb9533b9892ac168f{\nmargin-top:0px;\nmargin-bottom:0px;\n}\n.flex_column.av-2i8e8m-e26770a04390b6dcb9533b9892ac168f{\nborder-radius:0px 0px 0px 0px;\npadding:0px 0px 0px 0px;\n}\n.responsive #top #wrap_all .flex_column.av-2i8e8m-e26770a04390b6dcb9533b9892ac168f{\nmargin-top:0px;\nmargin-bottom:0px;\n}\n<\/style>\n<div  class='flex_column av-2i8e8m-e26770a04390b6dcb9533b9892ac168f av_one_full  avia-builder-el-1  el_after_av_slideshow  el_before_av_one_half  first flex_column_div av-animated-generic bottom-to-top av-zero-column-padding  '     ><p>\n<style type=\"text\/css\" data-created_by=\"avia_inline_auto\" id=\"style-css-av-2ce4sm-589e61f651ccc7d9a54055afcffea28f\">\n#top .av-special-heading.av-2ce4sm-589e61f651ccc7d9a54055afcffea28f{\npadding-bottom:0;\n}\nbody .av-special-heading.av-2ce4sm-589e61f651ccc7d9a54055afcffea28f .av-special-heading-tag .heading-char{\nfont-size:25px;\n}\n.av-special-heading.av-2ce4sm-589e61f651ccc7d9a54055afcffea28f .av-subheading{\nfont-size:15px;\n}\n<\/style>\n<div  class='av-special-heading av-2ce4sm-589e61f651ccc7d9a54055afcffea28f av-special-heading-h2 blockquote modern-quote  avia-builder-el-2  el_before_av_hr  avia-builder-el-first '><h2 class='av-special-heading-tag'  itemprop=\"headline\"  >Instalaci\u00f3n y Mano de Obra<\/h2><div class=\"special-heading-border\"><div class=\"special-heading-inner-border\"><\/div><\/div><\/div><br \/>\n\n<style type=\"text\/css\" data-created_by=\"avia_inline_auto\" id=\"style-css-av-2abdfq-265b65a3d6a57a1bd8c4de560786b55c\">\n#top .hr.av-2abdfq-265b65a3d6a57a1bd8c4de560786b55c{\nmargin-top:10px;\nmargin-bottom:10px;\n}\n.hr.av-2abdfq-265b65a3d6a57a1bd8c4de560786b55c .hr-inner{\nwidth:50px;\nborder-color:#efbb20;\n}\n<\/style>\n<div  class='hr av-2abdfq-265b65a3d6a57a1bd8c4de560786b55c hr-custom  avia-builder-el-3  el_after_av_heading  avia-builder-el-last  hr-left hr-icon-no'><span class='hr-inner inner-border-av-border-fat'><span class=\"hr-inner-style\"><\/span><\/span><\/div><\/p><\/div>\n\n<style type=\"text\/css\" data-created_by=\"avia_inline_auto\" id=\"style-css-av-250rjy-bc0896976e8917784ec9f8ea4ab682bd\">\n#top .flex_column.av-250rjy-bc0896976e8917784ec9f8ea4ab682bd{\nmargin-top:0px;\nmargin-bottom:0px;\n}\n.flex_column.av-250rjy-bc0896976e8917784ec9f8ea4ab682bd{\nborder-radius:0px 0px 0px 0px;\npadding:0px 0px 0px 0px;\n}\n.responsive #top #wrap_all .flex_column.av-250rjy-bc0896976e8917784ec9f8ea4ab682bd{\nmargin-top:0px;\nmargin-bottom:0px;\n}\n<\/style>\n<div  class='flex_column av-250rjy-bc0896976e8917784ec9f8ea4ab682bd av_one_half  avia-builder-el-4  el_after_av_one_full  el_before_av_one_half  first flex_column_div av-animated-generic bottom-to-top av-zero-column-padding  column-top-margin'     ><section  class='av_textblock_section av-1x4dwe-1051e8fb27fdc125444c6b6e37516af0 '   itemscope=\"itemscope\" itemtype=\"https:\/\/schema.org\/CreativeWork\" ><div class='avia_textblock'  itemprop=\"text\" ><p>Somos un equipo conformado por t\u00e9cnicos especialistas en su rubro, residentes al mando para corroborar la calidad durante la ejecuci\u00f3n de la obra y una oficina de control y administraci\u00f3n de proyectos.<\/p>\n<\/div><\/section><\/div>\n\n<style type=\"text\/css\" data-created_by=\"avia_inline_auto\" id=\"style-css-av-1p86f2-11a66425c62e13e6a56b1093a4b3a65d\">\n#top .flex_column.av-1p86f2-11a66425c62e13e6a56b1093a4b3a65d{\nmargin-top:0px;\nmargin-bottom:0px;\n}\n.flex_column.av-1p86f2-11a66425c62e13e6a56b1093a4b3a65d{\nborder-radius:0px 0px 0px 0px;\npadding:0px 0px 0px 0px;\n}\n.responsive #top #wrap_all .flex_column.av-1p86f2-11a66425c62e13e6a56b1093a4b3a65d{\nmargin-top:0px;\nmargin-bottom:0px;\n}\n<\/style>\n<div  class='flex_column av-1p86f2-11a66425c62e13e6a56b1093a4b3a65d av_one_half  avia-builder-el-6  el_after_av_one_half  el_before_av_one_full  flex_column_div av-animated-generic bottom-to-top av-zero-column-padding  column-top-margin'     ><section  class='av_textblock_section av-1j9vwu-c5eb35889f45a6cfa6ca27b4f847659d '   itemscope=\"itemscope\" itemtype=\"https:\/\/schema.org\/CreativeWork\" ><div class='avia_textblock'  itemprop=\"text\" ><p>Al pendiente de todas las etapas desde la planeaci\u00f3n y presupuestos hasta su entrega formal con garant\u00edas y el manual de mantenimiento sugerido.<\/p>\n<\/div><\/section><\/div>\n\n<style type=\"text\/css\" data-created_by=\"avia_inline_auto\" id=\"style-css-av-1gb8em-c68ff84705eb9a2ba83f5213860bb9dd\">\n.flex_column.av-1gb8em-c68ff84705eb9a2ba83f5213860bb9dd{\nborder-width:1px;\nborder-color:#e1e1e1;\nborder-style:solid;\nborder-radius:0px 0px 0px 0px;\npadding:20px 20px 20px 20px;\nbackground-color:#fcfcfc;\n}\n<\/style>\n<div  class='flex_column av-1gb8em-c68ff84705eb9a2ba83f5213860bb9dd av_one_full  avia-builder-el-8  el_after_av_one_half  el_before_av_one_half  first flex_column_div av-animated-generic bottom-to-top  column-top-margin'     ><div  class='avia-icon-list-container av-lnjipgsx-ebaf6f1565c0400afc83c0417c2ac437  avia-builder-el-9  avia-builder-el-no-sibling '><ul class='avia-icon-list avia_animate_when_almost_visible avia-icon-list-left av-iconlist-big av-lnjipgsx-ebaf6f1565c0400afc83c0417c2ac437 avia-iconlist-animate'>\n<li><div class='iconlist_icon av-lnjiqag0-30fdaf7d3e6c07f6262760599323cd6d avia-font-entypo-fontello'><span class='iconlist-char' aria-hidden='true' data-av_icon='' data-av_iconfont='entypo-fontello'><\/span><\/div><article class=\"article-icon-entry \"  itemscope=\"itemscope\" itemtype=\"https:\/\/schema.org\/CreativeWork\" ><div class=\"iconlist_content_wrap\"><header class=\"entry-content-header\"><h4 class='av_iconlist_title iconlist_title  '  itemprop=\"headline\" >Como subcontratistas <\/h4><\/header><div class='iconlist_content '  itemprop=\"text\" ><p><strong>\u00a0<\/strong>Cumplimos con todas las normas de acci\u00f3n preventiva, de seguridad y salud vigentes, estamos certificados en cada especialidad para la correcta ejecuci\u00f3n de nuestros proyectos, atendemos todos los efectos administrativos con la legalidad correspondiente.<\/p>\n<\/div><\/div><footer class=\"entry-footer\"><\/footer><\/article><div class=\"iconlist-timeline\"><\/div><\/li>\n<li><div class='iconlist_icon av-lnjipf39-bb85a5b56545c2a00457219d389c237c avia-font-entypo-fontello'><span class='iconlist-char' aria-hidden='true' data-av_icon='' data-av_iconfont='entypo-fontello'><\/span><\/div><article class=\"article-icon-entry \"  itemscope=\"itemscope\" itemtype=\"https:\/\/schema.org\/CreativeWork\" ><div class=\"iconlist_content_wrap\"><header class=\"entry-content-header\"><h4 class='av_iconlist_title iconlist_title  '  itemprop=\"headline\" >Metodolog\u00eda PM \u00c1gile<\/h4><\/header><div class='iconlist_content '  itemprop=\"text\" ><p>Nuestra empresa cuenta con una operaci\u00f3n basada en fundamentos para la Direcci\u00f3n de Proyectos, con Mentalidad \u00c1gil, somos m\u00e1s flexibles frente a las din\u00e1micas con las que estamos sujetos, nos adaptamos a los cambios o imprevistos que puedan surgir durante la ejecuci\u00f3n, para lograr los objetivos de una manera sostenible, inclusiva y respetuosa, aplicando los m\u00e1s altos est\u00e1ndares de integridad, transparencia y rendici\u00f3n de cuentas.<\/p>\n<\/div><\/div><footer class=\"entry-footer\"><\/footer><\/article><div class=\"iconlist-timeline\"><\/div><\/li>\n<\/ul><\/div><\/div>\n\n<style type=\"text\/css\" data-created_by=\"avia_inline_auto\" id=\"style-css-av-12pvw6-836e716f970b35c1bb5ea77944730b27\">\n.flex_column.av-12pvw6-836e716f970b35c1bb5ea77944730b27{\nborder-radius:0px 0px 0px 0px;\npadding:0px 0px 0px 0px;\n}\n<\/style>\n<div  class='flex_column av-12pvw6-836e716f970b35c1bb5ea77944730b27 av_one_half  avia-builder-el-10  el_after_av_one_full  el_before_av_one_half  first flex_column_div av-animated-generic bottom-to-top av-zero-column-padding  column-top-margin'     ><p>\n<style type=\"text\/css\" data-created_by=\"avia_inline_auto\" id=\"style-css-av-zouqm-3010bb583d9d5f75ed2c8e5632ead388\">\n#top .av-special-heading.av-zouqm-3010bb583d9d5f75ed2c8e5632ead388{\npadding-bottom:0;\n}\nbody .av-special-heading.av-zouqm-3010bb583d9d5f75ed2c8e5632ead388 .av-special-heading-tag .heading-char{\nfont-size:25px;\n}\n.av-special-heading.av-zouqm-3010bb583d9d5f75ed2c8e5632ead388 .av-subheading{\nfont-size:15px;\n}\n<\/style>\n<div  class='av-special-heading av-zouqm-3010bb583d9d5f75ed2c8e5632ead388 av-special-heading-h2 blockquote modern-quote  avia-builder-el-11  el_before_av_hr  avia-builder-el-first '><h2 class='av-special-heading-tag'  itemprop=\"headline\"  >De Principio a Fin<\/h2><div class=\"special-heading-border\"><div class=\"special-heading-inner-border\"><\/div><\/div><\/div><br \/>\n\n<style type=\"text\/css\" data-created_by=\"avia_inline_auto\" id=\"style-css-av-pfjzi-27a3905c158d1ace6d2af2ebf418d8b2\">\n#top .hr.av-pfjzi-27a3905c158d1ace6d2af2ebf418d8b2{\nmargin-top:10px;\nmargin-bottom:10px;\n}\n.hr.av-pfjzi-27a3905c158d1ace6d2af2ebf418d8b2 .hr-inner{\nwidth:50px;\nborder-color:#efbb20;\n}\n<\/style>\n<div  class='hr av-pfjzi-27a3905c158d1ace6d2af2ebf418d8b2 hr-custom  avia-builder-el-12  el_after_av_heading  el_before_av_textblock  hr-left hr-icon-no'><span class='hr-inner inner-border-av-border-fat'><span class=\"hr-inner-style\"><\/span><\/span><\/div><br \/>\n<section  class='av_textblock_section av-laxoe-d4867a089845d111597868dce304bd92 '   itemscope=\"itemscope\" itemtype=\"https:\/\/schema.org\/CreativeWork\" ><div class='avia_textblock'  itemprop=\"text\" ><p>Garantizamos nuestro trabajo ya que estamos en todas las etapas del proyecto.<\/p>\n<\/div><\/section><\/p><\/div>\n<style type=\"text\/css\" data-created_by=\"avia_inline_auto\" id=\"style-css-av-1jlni-fd35742d88f7c84fb209333b663896df\">\n.flex_column.av-1jlni-fd35742d88f7c84fb209333b663896df{\nborder-radius:0px 0px 0px 0px;\npadding:0px 0px 0px 0px;\n}\n<\/style>\n<div  class='flex_column av-1jlni-fd35742d88f7c84fb209333b663896df av_one_half  avia-builder-el-14  el_after_av_one_half  avia-builder-el-last  flex_column_div av-animated-generic bottom-to-top av-zero-column-padding  column-top-margin'     ><style type=\"text\/css\" data-created_by=\"avia_inline_auto\" id=\"style-css-av-6muvi-6d96bf1e070f62f7d3aeea4f468c5fcb\">\n.avia-image-container.av-6muvi-6d96bf1e070f62f7d3aeea4f468c5fcb img.avia_image{\nbox-shadow:none;\n}\n.avia-image-container.av-6muvi-6d96bf1e070f62f7d3aeea4f468c5fcb .av-image-caption-overlay-center{\ncolor:#ffffff;\n}\n<\/style>\n<div  class='avia-image-container av-6muvi-6d96bf1e070f62f7d3aeea4f468c5fcb av-styling-no-styling avia-align-center  avia-builder-el-15  avia-builder-el-no-sibling '   itemprop=\"image\" itemscope=\"itemscope\" itemtype=\"https:\/\/schema.org\/ImageObject\" ><div class=\"avia-image-container-inner\"><div class=\"avia-image-overlay-wrap\"><img fetchpriority=\"high\" fetchpriority=\"high\" decoding=\"async\" fetchpriority=\"high\" class='wp-image-1065 avia-img-lazy-loading-not-1065 avia_image ' src=\"https:\/\/sireac.com\/wp-content\/uploads\/2023\/10\/instalacion-y-mano-de-obra.jpeg\" alt='' title='instalacion-y-mano-de-obra'  height=\"534\" width=\"800\"  itemprop=\"thumbnailUrl\" srcset=\"https:\/\/sireac.com\/wp-content\/uploads\/2023\/10\/instalacion-y-mano-de-obra.jpeg 800w, https:\/\/sireac.com\/wp-content\/uploads\/2023\/10\/instalacion-y-mano-de-obra-600x401.jpeg 600w, https:\/\/sireac.com\/wp-content\/uploads\/2023\/10\/instalacion-y-mano-de-obra-300x200.jpeg 300w, https:\/\/sireac.com\/wp-content\/uploads\/2023\/10\/instalacion-y-mano-de-obra-768x513.jpeg 768w, https:\/\/sireac.com\/wp-content\/uploads\/2023\/10\/instalacion-y-mano-de-obra-705x471.jpeg 705w\" sizes=\"(max-width: 800px) 100vw, 800px\" \/><\/div><\/div><\/div><\/div><\/p>\n","protected":false},"excerpt":{"rendered":"","protected":false},"author":1,"featured_media":0,"parent":25,"menu_order":0,"comment_status":"closed","ping_status":"closed","template":"","meta":{"_eb_attr":"","footnotes":""},"class_list":["post-142","page","type-page","status-publish","hentry"],"_links":{"self":[{"href":"https:\/\/sireac.com\/index.php\/wp-json\/wp\/v2\/pages\/142","targetHints":{"allow":["GET"]}}],"collection":[{"href":"https:\/\/sireac.com\/index.php\/wp-json\/wp\/v2\/pages"}],"about":[{"href":"https:\/\/sireac.com\/index.php\/wp-json\/wp\/v2\/types\/page"}],"author":[{"embeddable":true,"href":"https:\/\/sireac.com\/index.php\/wp-json\/wp\/v2\/users\/1"}],"replies":[{"embeddable":true,"href":"https:\/\/sireac.com\/index.php\/wp-json\/wp\/v2\/comments?post=142"}],"version-history":[{"count":6,"href":"https:\/\/sireac.com\/index.php\/wp-json\/wp\/v2\/pages\/142\/revisions"}],"predecessor-version":[{"id":1073,"href":"https:\/\/sireac.com\/index.php\/wp-json\/wp\/v2\/pages\/142\/revisions\/1073"}],"up":[{"embeddable":true,"href":"https:\/\/sireac.com\/index.php\/wp-json\/wp\/v2\/pages\/25"}],"wp:attachment":[{"href":"https:\/\/sireac.com\/index.php\/wp-json\/wp\/v2\/media?parent=142"}],"curies":[{"name":"wp","href":"https:\/\/api.w.org\/{rel}","templated":true}]}}